{"id":54,"date":"2022-05-18T11:50:53","date_gmt":"2022-05-18T02:50:53","guid":{"rendered":"http:\/\/amata.co.jp\/en\/?page_id=54"},"modified":"2026-05-15T17:08:36","modified_gmt":"2026-05-15T08:08:36","slug":"accessmap","status":"publish","type":"page","link":"https:\/\/amata.co.jp\/en\/company\/accessmap","title":{"rendered":"ACCESS MAP"},"content":{"rendered":"<h3>Head Office Tokyo Studio<\/h3>\n<div class=\"row\">\n<div class=\"col-md-6 col-sm-12\"><iframe loading=\"lazy\" style=\"border: 0;\" src=\"https:\/\/www.google.com\/maps\/embed?pb=!1m18!1m12!1m3!1d3240.3503449716613!2d139.74326867634323!3d35.6929953293267!2m3!1f0!2f0!3f0!3m2!1i1024!2i768!4f13.1!3m3!1m2!1s0x60188d2955900001%3A0xdc33765da0a1f73b!2z44GC44G-44Gf5qCq5byP5Lya56S-!5e0!3m2!1sja!2sjp!4v1778831568922!5m2!1sja!2sjp\" width=\"600\" height=\"450\" allowfullscreen=\"allowfullscreen\"><\/iframe><\/div>\n<div class=\"col-md-6 col-sm-12\">\n<p>Arma Building, 1-4-1 Kita Shinjuku, Shinjuku-ku, Tokyo 169-0074, Japan<\/p>\n<\/div>\n<div class=\"col-md-6 col-sm-12\"><span style=\"font-weight: 400;\">From\u300cKudanshita\u300dStation : 6 Mins. walk ( Tokyo Metro Tozai \/ Hanzomon Line, Toei Subway Shinjuku Line)<br \/>\n<\/span><span style=\"font-weight: 400;\">From\u300cIchigaya\u300dStation : 10 Mins. walk (JR Ch\u016b\u014d-S\u014dbu Line, Tokyo Metro Yurakucho \/ Nanboku Line, Toei Subway Shinjuku Line)<br \/>\n<\/span><\/div>\n<\/div>\n<h3>Sapporo Studio<\/h3>\n<div class=\"row\">\n<div class=\"col-md-6 col-sm-12\">\n<p>*Due to the spread of COVID 19, this office has been temporarily closed.<\/p>\n<\/div>\n<\/div>\n","protected":false},"excerpt":{"rendered":"<p>Head Office Tokyo Studio Arma Building, 1-4-1 Kita Shinjuku, Shinjuku-ku, Tokyo 169-0074, Japan From\u300cKudanshita\u300dStation : 6 Mins. walk ( Tokyo Metro Tozai \/ Hanzomon Line, Toei Subway Shinjuku Line) From\u300cIchigaya\u300dStation : 10 Mins. walk (JR Ch\u016b\u014d-S\u014dbu Line, Tokyo Metro Yurakucho \/ Nanboku Line, Toei Subway Shinjuku Line) Sapporo Studio *Due to the spread of COVID 19, this office has been temporarily closed.<\/p>\n","protected":false},"author":4,"featured_media":0,"parent":52,"menu_order":3,"comment_status":"closed","ping_status":"closed","template":"","meta":{"_exactmetrics_skip_tracking":false,"_exactmetrics_sitenote_active":false,"_exactmetrics_sitenote_note":"","_exactmetrics_sitenote_category":0,"footnotes":""},"tags":[],"class_list":["post-54","page","type-page","status-publish","hentry"],"aioseo_notices":[],"_links":{"self":[{"href":"https:\/\/amata.co.jp\/en\/wp-json\/wp\/v2\/pages\/54","targetHints":{"allow":["GET"]}}],"collection":[{"href":"https:\/\/amata.co.jp\/en\/wp-json\/wp\/v2\/pages"}],"about":[{"href":"https:\/\/amata.co.jp\/en\/wp-json\/wp\/v2\/types\/page"}],"author":[{"embeddable":true,"href":"https:\/\/amata.co.jp\/en\/wp-json\/wp\/v2\/users\/4"}],"replies":[{"embeddable":true,"href":"https:\/\/amata.co.jp\/en\/wp-json\/wp\/v2\/comments?post=54"}],"version-history":[{"count":21,"href":"https:\/\/amata.co.jp\/en\/wp-json\/wp\/v2\/pages\/54\/revisions"}],"predecessor-version":[{"id":2990,"href":"https:\/\/amata.co.jp\/en\/wp-json\/wp\/v2\/pages\/54\/revisions\/2990"}],"up":[{"embeddable":true,"href":"https:\/\/amata.co.jp\/en\/wp-json\/wp\/v2\/pages\/52"}],"wp:attachment":[{"href":"https:\/\/amata.co.jp\/en\/wp-json\/wp\/v2\/media?parent=54"}],"wp:term":[{"taxonomy":"post_tag","embeddable":true,"href":"https:\/\/amata.co.jp\/en\/wp-json\/wp\/v2\/tags?post=54"}],"curies":[{"name":"wp","href":"https:\/\/api.w.org\/{rel}","templated":true}]}}